{"id":898,"date":"2025-09-17T11:12:22","date_gmt":"2025-09-17T09:12:22","guid":{"rendered":"https:\/\/haensch-nordic.dk\/?page_id=898"},"modified":"2025-12-10T17:33:31","modified_gmt":"2025-12-10T16:33:31","slug":"almindelige-forretningsbetingelser","status":"publish","type":"page","link":"https:\/\/haensch-nordic.dk\/?page_id=898","title":{"rendered":"Almindelige forretningsbetingelser"},"content":{"rendered":"\t\t<div data-elementor-type=\"wp-page\" data-elementor-id=\"898\" class=\"elementor elementor-898\" data-elementor-post-type=\"page\">\n\t\t\t\t<div class=\"elementor-element elementor-element-5f93ebe e-con-full e-flex e-con e-parent\" data-id=\"5f93ebe\" data-element_type=\"container\" data-e-type=\"container\" data-settings=\"{&quot;background_background&quot;:&quot;classic&quot;}\">\n\t\t\t\t<div class=\"elementor-element elementor-element-a46a224 elementor-invisible elementor-widget elementor-widget-image\" data-id=\"a46a224\" data-element_type=\"widget\" data-e-type=\"widget\" data-settings=\"{&quot;_animation&quot;:&quot;fadeInLeft&quot;,&quot;_animation_mobile&quot;:&quot;fadeIn&quot;}\" data-widget_type=\"image.default\">\n\t\t\t\t<div class=\"elementor-widget-container\">\n\t\t\t\t\t\t\t\t\t\t\t\t\t\t\t\t<a href=\"https:\/\/haensch-nordic.dk\">\n\t\t\t\t\t\t\t<img fetchpriority=\"high\" decoding=\"async\" width=\"500\" height=\"120\" src=\"https:\/\/haensch-nordic.dk\/wp-content\/uploads\/2025\/05\/Haensch_Logo_WEB.png\" class=\"attachment-large size-large wp-image-129\" alt=\"\" srcset=\"https:\/\/haensch-nordic.dk\/wp-content\/uploads\/2025\/05\/Haensch_Logo_WEB.png 500w, https:\/\/haensch-nordic.dk\/wp-content\/uploads\/2025\/05\/Haensch_Logo_WEB-300x72.png 300w\" sizes=\"(max-width: 500px) 100vw, 500px\" \/>\t\t\t\t\t\t\t\t<\/a>\n\t\t\t\t\t\t\t\t\t\t\t\t\t\t\t<\/div>\n\t\t\t\t<\/div>\n\t\t\t\t<\/div>\n\t\t<div class=\"elementor-element elementor-element-78671be2 e-flex e-con-boxed e-con e-parent\" data-id=\"78671be2\" data-element_type=\"container\" data-e-type=\"container\">\n\t\t\t\t\t<div class=\"e-con-inner\">\n\t\t\t\t<div class=\"elementor-element elementor-element-7eb6bde0 elementor-invisible elementor-widget elementor-widget-heading\" data-id=\"7eb6bde0\" data-element_type=\"widget\" data-e-type=\"widget\" data-settings=\"{&quot;_animation&quot;:&quot;fadeInDown&quot;}\" data-widget_type=\"heading.default\">\n\t\t\t\t<div class=\"elementor-widget-container\">\n\t\t\t\t\t<h2 class=\"elementor-heading-title elementor-size-default\">Almindelige forretningsbetingelser\n\n<\/h2>\t\t\t\t<\/div>\n\t\t\t\t<\/div>\n\t\t\t\t<div class=\"elementor-element elementor-element-eb998c2 elementor-widget elementor-widget-text-editor\" data-id=\"eb998c2\" data-element_type=\"widget\" data-e-type=\"widget\" data-widget_type=\"text-editor.default\">\n\t\t\t\t<div class=\"elementor-widget-container\">\n\t\t\t\t\t\t\t\t\t<p><strong>1.Gyldighedsomr\u00e5de<\/strong><\/p><p>Disse almindelige<\/p><p>forretningsbetingelser (AGB) g\u00e6lder for alle k\u00f8bsaftaler indg\u00e5et af H\u00e4nsch<\/p><p>Warnsysteme GmbH, som ikke er indg\u00e5et via online-shoppen.<\/p><p>Vi anerkender ikke betingelser fra<\/p><p>bestilleren, der er i modstrid med eller afviger fra disse AGB, medmindre vi udtrykkeligt<\/p><p>har accepteret deres gyldighed skriftligt. Disse AGB g\u00e6lder ogs\u00e5, hvis<\/p><p>vi, vel vidende om betingelser fra bestilleren, der er i modstrid med eller afviger fra disse AGB,<\/p><p>udf\u00f8rer leveringen til bestilleren uden forbehold<\/p><p><strong>2.Kontraktpartner<\/strong><\/p><p>Kontraktpartner for den p\u00e5g\u00e6ldende kontrakt er:<\/p><p><strong>H\u00e4nsch Nordic Aps<\/strong><\/p><p><strong>Kochsgade 31B<\/strong><\/p><p><strong>5000 Odense\u00a0<\/strong><\/p><p><strong>+45 <\/strong><strong>208 301 81<\/strong><\/p><p><strong>E-mail: salg@haensch-nordic.dk<\/strong><\/p><p><strong>3.Tilbud og kontraktindg\u00e5else<\/strong><\/p><p><strong>3.1. Hvis<\/strong><\/p><p>en kundes ordre udg\u00f8r et tilbud i henhold til \u00a7 145 BGB (tysk civilret), er vi<\/p><p>berettiget til at acceptere dette inden for en frist p\u00e5 2 uger.<\/p><p><strong>3.2.<\/strong><\/p><p>Vi forbeholder os ejendoms- og ophavsretten til illustrationer, tegninger, beregninger og andre dokumenter<\/p><p>; de m\u00e5 ikke g\u00f8res tilg\u00e6ngelige for tredjemand .<\/p><p>Dette g\u00e6lder is\u00e6r for s\u00e5danne<\/p><p>skriftlige dokumenter, der er m\u00e6rket som \u00bbfortrolige\u00ab; inden<\/p><p>de videregives til tredjemand, skal bestilleren indhente vores udtrykkelige<\/p><p>skriftlige samtykke.<\/p><p><strong>4.Priser \/ betalingsbetingelser<\/strong><\/p><p><strong>4.1.<\/strong> Medmindre andet er angivet, er priserne i vores tilbud afhentet fra fabrikken, eksklusive den g\u00e6ldende lovpligtige moms og forsendelsesomkostninger.<\/p><p><strong>4.2.<\/strong> K\u00f8bsprisen forfalder til betaling inden for 30 dage fra fakturadato.<\/p><p><strong>4.3.<\/strong> Ved ud\u00f8velse af forbrugerens fortrydelsesret i henhold til punkt 5 i de generelle forretningsbetingelser skal forbrugeren afholde de direkte omkostninger ved returnering.<\/p><p><strong>4.4.<\/strong> Bestilleren har kun ret til modregning, hvis hans modkrav er retskraftigt fastsl\u00e5et, ubestridt eller anerkendt af os. Desuden er han berettiget til at ud\u00f8ve en tilbageholdelsesret, i det omfang hans modkrav er baseret p\u00e5 det samme kontraktforhold.<\/p><p><strong>5.Fortrydelsesret<\/strong><\/p><p><strong>5.1.<\/strong> F\u00f8lgende fortrydelsesret g\u00e6lder kun for fjernsalgskontrakter og kontrakter indg\u00e5et uden for vores forretningslokaler med forbrugere, dvs. fysiske personer, der indg\u00e5r k\u00f8bskontrakten til et form\u00e5l, der hverken kan tilskrives deres erhvervsm\u00e6ssige eller selvst\u00e6ndige erhvervsm\u00e6ssige aktivitet (\u00a7 13 BG).<\/p><p><strong>Fortrydelsesret<\/strong><\/p><p>Du har ret til at fortryde denne aftale inden for fjorten dage uden at angive nogen grund.<\/p><p>Fortrydelsesfristen er fjorten dage fra den dag, hvor du eller en af dig udpeget tredjemand, som ikke er transport\u00f8ren, har taget varerne i besiddelse.<\/p><p>For at ud\u00f8ve din fortrydelsesret skal du kontakte os (<strong>H\u00e4nsch Nordic Aps, c\/o C\/O 360 Law Firm, Lautrupsgade 7, 3. Tv, DK \u2013 2100 K\u00f8penhavn, +49 (0)5962 93600, mail: info@haensch-nordic.dk <\/strong>) om din beslutning om at fortryde denne aftale ved hj\u00e6lp af en utvetydig erkl\u00e6ring (f.eks. et brev sendt med posten, fax eller e-mail). Du kan bruge den vedlagte standardfortrydelsesformular, men det er ikke obligatorisk.<\/p><p>For at overholde fortrydelsesfristen er det tilstr\u00e6kkeligt, at du sender meddelelsen om ud\u00f8velse af fortrydelsesretten inden udl\u00f8bet af fortrydelsesfristen.<\/p><p><strong>Konsekvenser af fortrydelsen<\/strong><\/p><p>Hvis du fortryder denne aftale, skal vi tilbagebetale alle betalinger, vi har modtaget fra dig, inklusive leveringsomkostninger (med undtagelse af de ekstra omkostninger, der skyldes, at du har valgt en anden leveringsform end den billigste standardlevering, vi tilbyder), straks og senest inden for fjorten dage fra den dag, hvor vi har modtaget meddelelsen om din fortrydelse af denne aftale. Vi bruger det samme betalingsmiddel til denne tilbagebetaling, som du brugte til den oprindelige transaktion, medmindre andet udtrykkeligt er aftalt med dig; under ingen omst\u00e6ndigheder vil du blive opkr\u00e6vet gebyrer for denne tilbagebetaling. Vi kan n\u00e6gte at tilbagebetale, indtil vi har modtaget varerne tilbage, eller indtil du har dokumenteret, at du har returneret varerne, afh\u00e6ngigt af hvad der sker f\u00f8rst. Du skal straks og under alle omst\u00e6ndigheder senest fjorten dage fra den dag, hvor du har informeret os om din fortrydelse af denne aftale, returnere eller aflevere varerne til os. Fristen er overholdt, hvis du afsender varerne inden udl\u00f8bet af fristen p\u00e5 fjorten dage.<\/p><p>Du afholder de direkte omkostninger ved returnering af varerne. Du skal kun betale for et eventuelt v\u00e6rditab p\u00e5 varerne, hvis dette v\u00e6rditab kan tilskrives dig i et omfang, der ikke er n\u00f8dvendigt for at kontrollere varernes beskaffenhed, egenskaber og funktion.<\/p><p><strong>Slut p\u00e5 fortrydelsesretten<\/strong><\/p><p><strong>5.2.<\/strong> Fortrydelsesretten g\u00e6lder ikke for levering af varer, der er fremstillet efter kundens specifikationer eller klart tilpasset til personlige behov (f.eks. individuelle specialfremstillinger eller lignende).<\/p><p><strong>5.3.<\/strong> Ring venligst til os p\u00e5 telefonnummer +49 (0)5962 \u2013 9360 0 inden returnering for at meddele os om returneringen. P\u00e5 denne m\u00e5de giver du os mulighed for at registrere produkterne s\u00e5 hurtigt som muligt. Dit opkald er dog ikke en foruds\u00e6tning for den effektive ud\u00f8velse af fortrydelsesretten.<\/p><p><strong>6.Levering<\/strong><\/p><p><strong>6.1.<\/strong> Den leveringstid, som vi angiver ved kontraktens indg\u00e5else, foruds\u00e6tter, at alle tekniske sp\u00f8rgsm\u00e5l er afklaret.<\/p><p><strong>6.2.<\/strong> Overholdelse af vores leveringsforpligtelse foruds\u00e6tter, at bestillerens forpligtelser opfyldes rettidigt og korrekt.<\/p><p><strong>6.3.<\/strong> Hvis bestilleren kommer i forsinkelse med modtagelsen eller overtr\u00e6der andre samarbejdsforpligtelser, er vi berettiget til at kr\u00e6ve erstatning for den skade, vi har lidt, inklusive eventuelle ekstraudgifter. I dette tilf\u00e6lde overg\u00e5r risikoen for tilf\u00e6ldig undergang eller tilf\u00e6ldig forringelse af k\u00f8bsgenstanden til bestilleren p\u00e5 det tidspunkt, hvor denne kommer i forsinkelse med modtagelsen.<\/p><p><strong>7.Risikoovergang<\/strong><\/p><p><strong>7.1.<\/strong> Er bestilleren forbruger, b\u00e6rer vi forsendelsesrisikoen ved et k\u00f8b med forsendelse.<\/p><p><strong>7.2<\/strong>. Er bestilleren erhvervsdrivende, overg\u00e5r forsendelsesrisikoen til bestilleren ved korrekt overdragelse af varen til det befuldm\u00e6gtigede transportfirma.<\/p><p><strong>8.Ejendomsforbehold<\/strong><\/p><p><strong>8.1<\/strong> Vi forbeholder os ejendomsretten til k\u00f8bsgenstanden indtil alle betalinger i henhold til leveringsaftalen er modtaget. Ved kontraktbrud fra bestillerens side, is\u00e6r ved betalingsforsinkelse, er vi berettiget til at tage k\u00f8bsgenstanden tilbage. Vores tilbagekaldelse af k\u00f8bsgenstanden udg\u00f8r ikke en tilbagetr\u00e6den fra kontrakten, medmindre vi udtrykkeligt har erkl\u00e6ret dette skriftligt. Vores beslagl\u00e6ggelse af k\u00f8bsgenstanden udg\u00f8r altid en tilbagetr\u00e6den fra kontrakten. Efter tilbagekaldelse af k\u00f8bsgenstanden er vi berettiget til at realisere den, og realiseringsprovenuet skal modregnes i bestillerens forpligtelser med fradrag af rimelige realiseringsomkostninger.<\/p><p><strong>8.2.<\/strong> Bestilleren er forpligtet til at behandle k\u00f8bsgenstanden med omhu; han er is\u00e6r forpligtet til p\u00e5 egen regning at forsikre den tilstr\u00e6kkeligt mod brand-, vand- og tyveriskader til nyv\u00e6rdi.<\/p><p><strong>8.3.<\/strong> Ved udl\u00e6g eller andre indgreb fra tredjemand skal bestilleren straks underrette os skriftligt, s\u00e5 vi kan anl\u00e6gge sag i henhold til \u00a7 771 ZPO (tysk proceslovbog). Hvis tredjemand ikke er i stand til at refundere os de retlige og udenretslige omkostninger ved en sag i henhold til \u00a7 771 ZPO, h\u00e6fter bestilleren for det tab, vi har lidt.<\/p><p><strong>8.4.<\/strong> Er bestilleren en juridisk person under offentlig ret, en offentligretlig s\u00e6rlig fond eller en iv\u00e6rks\u00e6tter, der ved indg\u00e5elsen af kontrakten handler i ud\u00f8velsen af sin erhvervsm\u00e6ssige eller selvst\u00e6ndige professionelle virksomhed, er han berettiget til at videres\u00e6lge k\u00f8bsgenstanden i den ordin\u00e6re forretningsgang; Han afst\u00e5r dog allerede nu alle fordringer i det med os aftalte fakturaendebel\u00f8b (inklusive moms), som han har mod sine aftagere eller tredjemand som f\u00f8lge af videresalget, uanset om k\u00f8bsgenstanden er blevet videresolgt uden eller efter forarbejdning. Bestilleren forbliver bemyndiget til at inddrive denne fordring, ogs\u00e5 efter overdragelsen.<\/p><p>Vores bef\u00f8jelse til selv at inddrive fordringen forbliver herved uber\u00f8rt. Vi forpligter os dog til ikke at inddrive fordringen, s\u00e5 l\u00e6nge bestilleren opfylder sine betalingsforpligtelser fra de indkomne provenuer, ikke er i betalingsmisligholdelse og is\u00e6r ikke har indgivet beg\u00e6ring om indledning af konkurs- eller akkordbehandling eller har indstillet betalingerne. Er dette imidlertid tilf\u00e6ldet, kan vi kr\u00e6ve, at bestilleren oplyser os om de afst\u00e5ede fordringer og deres debitorer, giver alle oplysninger, der er n\u00f8dvendige for inddrivelsen, udleverer de tilh\u00f8rende dokumenter og underretter debitoren (tredjemand) om afst\u00e5elsen.<\/p><p><strong>8.5.<\/strong> Forarbejdning eller omdannelse af k\u00f8bsgenstanden foretages altid for os. Bestillerens forventningsret til k\u00f8bsgenstanden forts\u00e6tter for den omdannede genstand. Hvis k\u00f8bsgenstanden forarbejdes sammen med andre genstande, der ikke tilh\u00f8rer os, erhverver vi medejendomsret til den nye genstand i forhold til den objektive v\u00e6rdi af vores k\u00f8bsgenstand i forhold til de andre forarbejdede genstande p\u00e5 tidspunktet for forarbejdningen. For den genstand, der opst\u00e5r ved forarbejdningen, g\u00e6lder i \u00f8vrigt det samme som for den k\u00f8bsgenstand, der er leveret med forbehold.<\/p><p><strong>8.6.<\/strong> Hvis k\u00f8bsgenstanden blandes uadskilleligt med andre genstande, der ikke tilh\u00f8rer os, erhverver vi medejendomsret til den nye genstand i forhold til den objektive v\u00e6rdi af vores k\u00f8bsgenstand i forhold til de andre blandede genstande p\u00e5 tidspunktet for blandingen. Hvis blandingen sker p\u00e5 en s\u00e5dan m\u00e5de, at bestillerens genstand skal betragtes som hovedgenstand, anses det for aftalt, at bestilleren overdrager os forholdsm\u00e6ssig medejendomsret. Bestilleren opbevarer den s\u00e5ledes opst\u00e5ede eneejendomsret eller medejendomsret for os.<\/p><p><strong>8.7.<\/strong> Bestilleren overdrager os ogs\u00e5 de krav til sikring af vores krav mod ham, der opst\u00e5r over for en tredjemand som f\u00f8lge af sammenkoblingen af k\u00f8bsgenstanden med en fast ejendom.<\/p><p><strong>9.Garanti<\/strong><\/p><p><strong>9.1.<\/strong> Er k\u00f8beren en juridisk person under offentlig ret, en offentligretlig s\u00e6rlig fond eller en iv\u00e6rks\u00e6tter, der ved indg\u00e5elsen af kontrakten handler i ud\u00f8velsen af sin erhvervsm\u00e6ssige eller selvst\u00e6ndige erhvervsm\u00e6ssige virksomhed, for\u00e6ldes kundens garantikrav ved k\u00f8b af nye varer inden for 1 \u00e5r; Salg af brugte varer til disse kunder sker med udelukkelse af ethvert ansvar for materielle mangler.<\/p><p><strong>9.2.<\/strong> Yderligere krav forbliver uber\u00f8rte, for s\u00e5 vidt vi er ansvarlig i henhold til lovgivningen, eller andet er aftalt, is\u00e6r ved udtrykkelig overtagelse af en garanti.<\/p><p><strong>10.Ansvar \/ Erstatning<\/strong><\/p><p><strong>10.1.<\/strong> Vi h\u00e6fter i henhold til de lovm\u00e6ssige bestemmelser for skader p\u00e5 liv, legeme og helbred, der skyldes en uagtsom eller fors\u00e6tlig pligtfors\u00f8mmelse fra vores side, vores lovm\u00e6ssige repr\u00e6sentanter og\/eller vores medhj\u00e6lpere, samt for skader, der er omfattet af produktansvarsloven, og for alle skader, der skyldes fors\u00e6tlige eller groft uagtsomme kontraktbrud samt svig.<\/p><p><strong>10.2.<\/strong> I det omfang vi udtrykkeligt har p\u00e5taget os en garanti for kvalitet og\/eller holdbarhed med hensyn til kontraktgenstanden eller dele heraf, h\u00e6fter vi ogs\u00e5 inden for rammerne af denne garanti.<\/p><p><strong>10.3.<\/strong> Vi er desuden ansvarlige for skader, som vi har for\u00e5rsaget ved simpel uagtsom overtr\u00e6delse af s\u00e5danne kontraktm\u00e6ssige forpligtelser, hvis opfyldelse er en foruds\u00e6tning for den korrekte gennemf\u00f8relse af kontrakten, og som kunden regelm\u00e6ssigt stoler p\u00e5 og kan stole p\u00e5 bliver opfyldt. Det samme g\u00e6lder, hvis kunden har ret til erstatning i stedet for ydelsen. Vi h\u00e6fter dog kun, i det omfang skaderne er typisk forbundet med kontrakten og er forudsigelige.<\/p><p><strong>10.4.<\/strong> En yderligere h\u00e6ftelse fra vores side er udelukket, uanset den juridiske karakter af det fremsatte krav; dette g\u00e6lder is\u00e6r ogs\u00e5 for erstatningskrav eller krav p\u00e5 erstatning for forg\u00e6ves udgifter i stedet for ydelsen. Dette ber\u00f8rer ikke vores ansvar i henhold til bestemmelserne i punkt 9 i disse AGB.<\/p><p><strong>11.Afsluttende bestemmelser \/ v\u00e6rneting \/ lovvalg<\/strong><\/p><p><strong>11.1.<\/strong> Hvis en bestemmelse i disse forretningsbetingelser er eller bliver ugyldig eller uigennemf\u00f8rlig, p\u00e5virker dette ikke gyldigheden af de \u00f8vrige bestemmelser.<\/p><p><strong>11.2.<\/strong> Hvis kunden er en fuldgyldig k\u00f8bmand, en juridisk person under offentlig ret eller en offentligretlig s\u00e6rlig fond, er opfyldelsesstedet og v\u00e6rnetinget for alle tvister vores forretningssted. V\u00e6rnetingsaftalen g\u00e6lder ogs\u00e5, hvis kunden ikke har et v\u00e6rneting i Tyskland. Vi er dog berettiget til at sags\u00f8ge bestilleren ved hans bop\u00e6lsret.<\/p><p><strong>11.3.<\/strong> Disse AGB samt alle k\u00f8bsaftaler, der indg\u00e5s i henhold til disse betingelser, er underlagt tysk ret med udelukkelse af FN&#8217;s k\u00f8bslov.<\/p><p><em>Stand: 07\/2015<\/em><\/p>\t\t\t\t\t\t\t\t<\/div>\n\t\t\t\t<\/div>\n\t\t\t\t\t<\/div>\n\t\t\t\t<\/div>\n\t\t\t\t<\/div>\n\t\t","protected":false},"excerpt":{"rendered":"<p>Almindelige forretningsbetingelser 1.Gyldighedsomr\u00e5de Disse almindelige forretningsbetingelser (AGB) g\u00e6lder for alle k\u00f8bsaftaler indg\u00e5et af H\u00e4nsch Warnsysteme GmbH, som ikke er indg\u00e5et via online-shoppen. Vi anerkender ikke betingelser fra bestilleren, der er i modstrid med eller afviger fra disse AGB, medmindre vi udtrykkeligt har accepteret deres gyldighed skriftligt. Disse AGB g\u00e6lder ogs\u00e5, hvis vi, vel vidende om [&hellip;]<\/p>\n","protected":false},"author":1,"featured_media":0,"parent":0,"menu_order":0,"comment_status":"closed","ping_status":"closed","template":"elementor_header_footer","meta":{"footnotes":""},"class_list":["post-898","page","type-page","status-publish","hentry"],"_links":{"self":[{"href":"https:\/\/haensch-nordic.dk\/index.php?rest_route=\/wp\/v2\/pages\/898","targetHints":{"allow":["GET"]}}],"collection":[{"href":"https:\/\/haensch-nordic.dk\/index.php?rest_route=\/wp\/v2\/pages"}],"about":[{"href":"https:\/\/haensch-nordic.dk\/index.php?rest_route=\/wp\/v2\/types\/page"}],"author":[{"embeddable":true,"href":"https:\/\/haensch-nordic.dk\/index.php?rest_route=\/wp\/v2\/users\/1"}],"replies":[{"embeddable":true,"href":"https:\/\/haensch-nordic.dk\/index.php?rest_route=%2Fwp%2Fv2%2Fcomments&post=898"}],"version-history":[{"count":19,"href":"https:\/\/haensch-nordic.dk\/index.php?rest_route=\/wp\/v2\/pages\/898\/revisions"}],"predecessor-version":[{"id":965,"href":"https:\/\/haensch-nordic.dk\/index.php?rest_route=\/wp\/v2\/pages\/898\/revisions\/965"}],"wp:attachment":[{"href":"https:\/\/haensch-nordic.dk\/index.php?rest_route=%2Fwp%2Fv2%2Fmedia&parent=898"}],"curies":[{"name":"wp","href":"https:\/\/api.w.org\/{rel}","templated":true}]}}